{"id":1619,"date":"2022-05-31T07:39:38","date_gmt":"2022-05-31T07:39:38","guid":{"rendered":"https:\/\/fricomp.li\/?page_id=1619"},"modified":"2022-09-27T07:04:50","modified_gmt":"2022-09-27T07:04:50","slug":"custom-solutions-3","status":"publish","type":"page","link":"https:\/\/fricomp.li\/en\/custom-solutions-3\/","title":{"rendered":"Partner"},"content":{"rendered":"<div data-elementor-type=\"wp-page\" data-elementor-id=\"1619\" class=\"elementor elementor-1619\" data-elementor-post-type=\"page\">\n\t\t\t\t\t\t<section class=\"elementor-section elementor-top-section elementor-element elementor-element-952280f elementor-section-boxed elementor-section-height-default elementor-section-height-default\" data-id=\"952280f\" data-element_type=\"section\" data-e-type=\"section\">\n\t\t\t\t\t\t<div class=\"elementor-container elementor-column-gap-default\">\n\t\t\t\t\t<div class=\"elementor-column elementor-col-100 elementor-top-column elementor-element elementor-element-29ee1b2\" data-id=\"29ee1b2\" data-element_type=\"column\" data-e-type=\"column\">\n\t\t\t<div class=\"elementor-widget-wrap elementor-element-populated\">\n\t\t\t\t\t\t<div class=\"elementor-element elementor-element-ecf4dca elementor-widget elementor-widget-spacer\" data-id=\"ecf4dca\" data-element_type=\"widget\" data-e-type=\"widget\" data-widget_type=\"spacer.default\">\n\t\t\t\t<div class=\"elementor-widget-container\">\n\t\t\t\t\t\t\t<div class=\"elementor-spacer\">\n\t\t\t<div class=\"elementor-spacer-inner\"><\/div>\n\t\t<\/div>\n\t\t\t\t\t\t<\/div>\n\t\t\t\t<\/div>\n\t\t\t\t\t<\/div>\n\t\t<\/div>\n\t\t\t\t\t<\/div>\n\t\t<\/section>\n\t\t\t\t<section class=\"elementor-section elementor-top-section elementor-element elementor-element-112c3cd elementor-section-boxed elementor-section-height-default elementor-section-height-default\" data-id=\"112c3cd\" data-element_type=\"section\" data-e-type=\"section\">\n\t\t\t\t\t\t<div class=\"elementor-container elementor-column-gap-default\">\n\t\t\t\t\t<div class=\"elementor-column elementor-col-50 elementor-top-column elementor-element elementor-element-2bd073d\" data-id=\"2bd073d\" data-element_type=\"column\" data-e-type=\"column\">\n\t\t\t<div class=\"elementor-widget-wrap elementor-element-populated\">\n\t\t\t\t\t\t<div class=\"elementor-element elementor-element-e0a341b elementor-widget elementor-widget-image\" data-id=\"e0a341b\" data-element_type=\"widget\" data-e-type=\"widget\" data-widget_type=\"image.default\">\n\t\t\t\t<div class=\"elementor-widget-container\">\n\t\t\t\t\t\t\t\t\t\t\t\t\t\t\t<img fetchpriority=\"high\" decoding=\"async\" width=\"1024\" height=\"683\" src=\"https:\/\/fricomp.li\/wp-content\/uploads\/2022\/06\/Fricomp-Partner-1024x683.png\" class=\"attachment-large size-large wp-image-1625\" alt=\"Puzzle pieces in human form\" srcset=\"https:\/\/fricomp.li\/wp-content\/uploads\/2022\/06\/Fricomp-Partner-1024x683.png 1024w, https:\/\/fricomp.li\/wp-content\/uploads\/2022\/06\/Fricomp-Partner-300x200.png 300w, https:\/\/fricomp.li\/wp-content\/uploads\/2022\/06\/Fricomp-Partner-768x512.png 768w, https:\/\/fricomp.li\/wp-content\/uploads\/2022\/06\/Fricomp-Partner-18x12.png 18w, https:\/\/fricomp.li\/wp-content\/uploads\/2022\/06\/Fricomp-Partner.png 1329w\" sizes=\"(max-width: 1024px) 100vw, 1024px\" \/>\t\t\t\t\t\t\t\t\t\t\t\t\t\t\t<\/div>\n\t\t\t\t<\/div>\n\t\t\t\t\t<\/div>\n\t\t<\/div>\n\t\t\t\t<div class=\"elementor-column elementor-col-50 elementor-top-column elementor-element elementor-element-77597f6\" data-id=\"77597f6\" data-element_type=\"column\" data-e-type=\"column\">\n\t\t\t<div class=\"elementor-widget-wrap elementor-element-populated\">\n\t\t\t\t\t\t<div class=\"elementor-element elementor-element-56bc070 elementor-widget elementor-widget-heading\" data-id=\"56bc070\" data-element_type=\"widget\" data-e-type=\"widget\" data-widget_type=\"heading.default\">\n\t\t\t\t<div class=\"elementor-widget-container\">\n\t\t\t\t\t<h1 class=\"elementor-heading-title elementor-size-default\">Our partners<\/h1>\t\t\t\t<\/div>\n\t\t\t\t<\/div>\n\t\t\t\t<div class=\"elementor-element elementor-element-24edd57 elementor-widget elementor-widget-heading\" data-id=\"24edd57\" data-element_type=\"widget\" data-e-type=\"widget\" data-widget_type=\"heading.default\">\n\t\t\t\t<div class=\"elementor-widget-container\">\n\t\t\t\t\t<h2 class=\"elementor-heading-title elementor-size-default\">Who we trust and rely on<\/h2>\t\t\t\t<\/div>\n\t\t\t\t<\/div>\n\t\t\t\t\t<\/div>\n\t\t<\/div>\n\t\t\t\t\t<\/div>\n\t\t<\/section>\n\t\t\t\t<section class=\"elementor-section elementor-top-section elementor-element elementor-element-23fb39b elementor-section-boxed elementor-section-height-default elementor-section-height-default\" data-id=\"23fb39b\" data-element_type=\"section\" data-e-type=\"section\">\n\t\t\t\t\t\t<div class=\"elementor-container elementor-column-gap-default\">\n\t\t\t\t\t<div class=\"elementor-column elementor-col-100 elementor-top-column elementor-element elementor-element-254d52a\" data-id=\"254d52a\" data-element_type=\"column\" data-e-type=\"column\">\n\t\t\t<div class=\"elementor-widget-wrap elementor-element-populated\">\n\t\t\t\t\t\t<div class=\"elementor-element elementor-element-cbfd199 elementor-widget elementor-widget-spacer\" data-id=\"cbfd199\" data-element_type=\"widget\" data-e-type=\"widget\" data-widget_type=\"spacer.default\">\n\t\t\t\t<div class=\"elementor-widget-container\">\n\t\t\t\t\t\t\t<div class=\"elementor-spacer\">\n\t\t\t<div class=\"elementor-spacer-inner\"><\/div>\n\t\t<\/div>\n\t\t\t\t\t\t<\/div>\n\t\t\t\t<\/div>\n\t\t\t\t\t<\/div>\n\t\t<\/div>\n\t\t\t\t\t<\/div>\n\t\t<\/section>\n\t\t\t\t<section class=\"elementor-section elementor-top-section elementor-element elementor-element-49b2a3d elementor-section-boxed elementor-section-height-default elementor-section-height-default\" data-id=\"49b2a3d\" data-element_type=\"section\" data-e-type=\"section\">\n\t\t\t\t\t\t<div class=\"elementor-container elementor-column-gap-default\">\n\t\t\t\t\t<div class=\"elementor-column elementor-col-50 elementor-top-column elementor-element elementor-element-4e34f64\" data-id=\"4e34f64\" data-element_type=\"column\" data-e-type=\"column\">\n\t\t\t<div class=\"elementor-widget-wrap\">\n\t\t\t\t\t\t\t<\/div>\n\t\t<\/div>\n\t\t\t\t<div class=\"elementor-column elementor-col-50 elementor-top-column elementor-element elementor-element-3353bc6\" data-id=\"3353bc6\" data-element_type=\"column\" data-e-type=\"column\">\n\t\t\t<div class=\"elementor-widget-wrap elementor-element-populated\">\n\t\t\t\t\t\t<div class=\"elementor-element elementor-element-3fb5aa8 elementor-widget elementor-widget-text-editor\" data-id=\"3fb5aa8\" data-element_type=\"widget\" data-e-type=\"widget\" data-widget_type=\"text-editor.default\">\n\t\t\t\t<div class=\"elementor-widget-container\">\n\t\t\t\t\t\t\t\t\tWe attach great importance to quality and trustworthiness. This also applies to the choice of our partner companies. By working closely with our selected partners, we can expand our services and develop new solutions to meet the needs of our customers.\t\t\t\t\t\t\t\t<\/div>\n\t\t\t\t<\/div>\n\t\t\t\t<div class=\"elementor-element elementor-element-b6a1a4c elementor-widget elementor-widget-spacer\" data-id=\"b6a1a4c\" data-element_type=\"widget\" data-e-type=\"widget\" data-widget_type=\"spacer.default\">\n\t\t\t\t<div class=\"elementor-widget-container\">\n\t\t\t\t\t\t\t<div class=\"elementor-spacer\">\n\t\t\t<div class=\"elementor-spacer-inner\"><\/div>\n\t\t<\/div>\n\t\t\t\t\t\t<\/div>\n\t\t\t\t<\/div>\n\t\t\t\t\t<\/div>\n\t\t<\/div>\n\t\t\t\t\t<\/div>\n\t\t<\/section>\n\t\t\t\t<section class=\"elementor-section elementor-top-section elementor-element elementor-element-c6087ce elementor-section-boxed elementor-section-height-default elementor-section-height-default\" data-id=\"c6087ce\" data-element_type=\"section\" data-e-type=\"section\">\n\t\t\t\t\t\t<div class=\"elementor-container elementor-column-gap-default\">\n\t\t\t\t\t<div class=\"elementor-column elementor-col-33 elementor-top-column elementor-element elementor-element-c8e0cd8\" data-id=\"c8e0cd8\" data-element_type=\"column\" data-e-type=\"column\">\n\t\t\t<div class=\"elementor-widget-wrap\">\n\t\t\t\t\t\t\t<\/div>\n\t\t<\/div>\n\t\t\t\t<div class=\"elementor-column elementor-col-33 elementor-top-column elementor-element elementor-element-dc9331a\" data-id=\"dc9331a\" data-element_type=\"column\" data-e-type=\"column\">\n\t\t\t<div class=\"elementor-widget-wrap elementor-element-populated\">\n\t\t\t\t\t\t<div class=\"elementor-element elementor-element-3de8665 elementor-widget elementor-widget-image\" data-id=\"3de8665\" data-element_type=\"widget\" data-e-type=\"widget\" data-widget_type=\"image.default\">\n\t\t\t\t<div class=\"elementor-widget-container\">\n\t\t\t\t\t\t\t\t\t\t\t\t\t\t\t<img decoding=\"async\" width=\"520\" height=\"565\" src=\"https:\/\/fricomp.li\/wp-content\/uploads\/2022\/08\/Puzzle-Pythagoras.png\" class=\"attachment-full size-full wp-image-1736\" alt=\"\" srcset=\"https:\/\/fricomp.li\/wp-content\/uploads\/2022\/08\/Puzzle-Pythagoras.png 520w, https:\/\/fricomp.li\/wp-content\/uploads\/2022\/08\/Puzzle-Pythagoras-276x300.png 276w, https:\/\/fricomp.li\/wp-content\/uploads\/2022\/08\/Puzzle-Pythagoras-11x12.png 11w\" sizes=\"(max-width: 520px) 100vw, 520px\" \/>\t\t\t\t\t\t\t\t\t\t\t\t\t\t\t<\/div>\n\t\t\t\t<\/div>\n\t\t\t\t\t<\/div>\n\t\t<\/div>\n\t\t\t\t<div class=\"elementor-column elementor-col-33 elementor-top-column elementor-element elementor-element-783cad3\" data-id=\"783cad3\" data-element_type=\"column\" data-e-type=\"column\" data-settings=\"{&quot;background_background&quot;:&quot;classic&quot;}\">\n\t\t\t<div class=\"elementor-widget-wrap elementor-element-populated\">\n\t\t\t\t\t\t<div class=\"elementor-element elementor-element-e3e2034 elementor-view-default elementor-widget elementor-widget-icon\" data-id=\"e3e2034\" data-element_type=\"widget\" data-e-type=\"widget\" data-widget_type=\"icon.default\">\n\t\t\t\t<div class=\"elementor-widget-container\">\n\t\t\t\t\t\t\t<div class=\"elementor-icon-wrapper\">\n\t\t\t<div class=\"elementor-icon\">\n\t\t\t<i aria-hidden=\"true\" class=\"fad fa-angle-double-left\"><\/i>\t\t\t<\/div>\n\t\t<\/div>\n\t\t\t\t\t\t<\/div>\n\t\t\t\t<\/div>\n\t\t\t\t<div class=\"elementor-element elementor-element-01db293 elementor-widget elementor-widget-text-editor\" data-id=\"01db293\" data-element_type=\"widget\" data-e-type=\"widget\" data-widget_type=\"text-editor.default\">\n\t\t\t\t<div class=\"elementor-widget-container\">\n\t\t\t\t\t\t\t\t\t<p><strong>Paths are created by walking them.<\/strong><br \/>At Fricomp we got to know people who are passionate about what they do and are even more committed. We at Pythagoras are delighted to open up and pursue a path with these enthusiastic people that will help many of our customers - help with Infrastructure as a Service (with a Swiss \/ Liechtenstein location), backup, disaster recovery and many other IT topics.<\/p>\t\t\t\t\t\t\t\t<\/div>\n\t\t\t\t<\/div>\n\t\t\t\t<div class=\"elementor-element elementor-element-76e7472 elementor-widget elementor-widget-text-editor\" data-id=\"76e7472\" data-element_type=\"widget\" data-e-type=\"widget\" data-widget_type=\"text-editor.default\">\n\t\t\t\t<div class=\"elementor-widget-container\">\n\t\t\t\t\t\t\t\t\t<p><b>Hubert Krattinger, <br \/>Lawyer &amp; Managing Director at Pythagoras Ltd.<br \/><\/b><\/p>\t\t\t\t\t\t\t\t<\/div>\n\t\t\t\t<\/div>\n\t\t\t\t\t<\/div>\n\t\t<\/div>\n\t\t\t\t\t<\/div>\n\t\t<\/section>\n\t\t\t\t<section class=\"elementor-section elementor-top-section elementor-element elementor-element-2c6812a elementor-section-boxed elementor-section-height-default elementor-section-height-default\" data-id=\"2c6812a\" data-element_type=\"section\" data-e-type=\"section\">\n\t\t\t\t\t\t<div class=\"elementor-container elementor-column-gap-default\">\n\t\t\t\t\t<div class=\"elementor-column elementor-col-100 elementor-top-column elementor-element elementor-element-6059fd9\" data-id=\"6059fd9\" data-element_type=\"column\" data-e-type=\"column\">\n\t\t\t<div class=\"elementor-widget-wrap elementor-element-populated\">\n\t\t\t\t\t\t<div class=\"elementor-element elementor-element-cf47370 elementor-widget elementor-widget-spacer\" data-id=\"cf47370\" data-element_type=\"widget\" data-e-type=\"widget\" data-widget_type=\"spacer.default\">\n\t\t\t\t<div class=\"elementor-widget-container\">\n\t\t\t\t\t\t\t<div class=\"elementor-spacer\">\n\t\t\t<div class=\"elementor-spacer-inner\"><\/div>\n\t\t<\/div>\n\t\t\t\t\t\t<\/div>\n\t\t\t\t<\/div>\n\t\t\t\t\t<\/div>\n\t\t<\/div>\n\t\t\t\t\t<\/div>\n\t\t<\/section>\n\t\t\t\t<section class=\"elementor-section elementor-top-section elementor-element elementor-element-fd89086 elementor-section-boxed elementor-section-height-default elementor-section-height-default\" data-id=\"fd89086\" data-element_type=\"section\" data-e-type=\"section\">\n\t\t\t\t\t\t<div class=\"elementor-container elementor-column-gap-default\">\n\t\t\t\t\t<div class=\"elementor-column elementor-col-100 elementor-top-column elementor-element elementor-element-f81863c\" data-id=\"f81863c\" data-element_type=\"column\" data-e-type=\"column\">\n\t\t\t<div class=\"elementor-widget-wrap elementor-element-populated\">\n\t\t\t\t\t\t<div class=\"elementor-element elementor-element-e3fdc83 elementor-position-right elementor-vertical-align-middle elementor-widget elementor-widget-image-box\" data-id=\"e3fdc83\" data-element_type=\"widget\" data-e-type=\"widget\" data-widget_type=\"image-box.default\">\n\t\t\t\t<div class=\"elementor-widget-container\">\n\t\t\t\t\t<div class=\"elementor-image-box-wrapper\"><figure class=\"elementor-image-box-img\"><a href=\"https:\/\/pythagoras-solutions.com\/\" tabindex=\"-1\"><img decoding=\"async\" width=\"300\" height=\"42\" src=\"https:\/\/fricomp.li\/wp-content\/uploads\/2022\/06\/Logo-Pythagoras-blue-rgb-transparent-300x42.png\" class=\"elementor-animation-bob attachment-medium size-medium wp-image-1621\" alt=\"Logo Pythagoras\" srcset=\"https:\/\/fricomp.li\/wp-content\/uploads\/2022\/06\/Logo-Pythagoras-blue-rgb-transparent-300x42.png 300w, https:\/\/fricomp.li\/wp-content\/uploads\/2022\/06\/Logo-Pythagoras-blue-rgb-transparent-1024x144.png 1024w, https:\/\/fricomp.li\/wp-content\/uploads\/2022\/06\/Logo-Pythagoras-blue-rgb-transparent-768x108.png 768w, https:\/\/fricomp.li\/wp-content\/uploads\/2022\/06\/Logo-Pythagoras-blue-rgb-transparent-1536x217.png 1536w, https:\/\/fricomp.li\/wp-content\/uploads\/2022\/06\/Logo-Pythagoras-blue-rgb-transparent-2048x289.png 2048w, https:\/\/fricomp.li\/wp-content\/uploads\/2022\/06\/Logo-Pythagoras-blue-rgb-transparent-18x3.png 18w\" sizes=\"(max-width: 300px) 100vw, 300px\" \/><\/a><\/figure><div class=\"elementor-image-box-content\"><h2 class=\"elementor-image-box-title\"><a href=\"https:\/\/pythagoras-solutions.com\/\">Pythagoras Ltd.<\/a><\/h2><p class=\"elementor-image-box-description\">Partner for compliance solutions for KYC and AML screening.\n\n<br><br><b><a href=\"https:\/\/pythagoras-solutions.com\">pythagoras-solutions.com<\/a><\/b><\/p><\/div><\/div>\t\t\t\t<\/div>\n\t\t\t\t<\/div>\n\t\t\t\t<div class=\"elementor-element elementor-element-77fff20 elementor-widget elementor-widget-spacer\" data-id=\"77fff20\" data-element_type=\"widget\" data-e-type=\"widget\" data-widget_type=\"spacer.default\">\n\t\t\t\t<div class=\"elementor-widget-container\">\n\t\t\t\t\t\t\t<div class=\"elementor-spacer\">\n\t\t\t<div class=\"elementor-spacer-inner\"><\/div>\n\t\t<\/div>\n\t\t\t\t\t\t<\/div>\n\t\t\t\t<\/div>\n\t\t\t\t<div class=\"elementor-element elementor-element-e3674f9 elementor-position-right elementor-vertical-align-middle elementor-widget elementor-widget-image-box\" data-id=\"e3674f9\" data-element_type=\"widget\" data-e-type=\"widget\" data-widget_type=\"image-box.default\">\n\t\t\t\t<div class=\"elementor-widget-container\">\n\t\t\t\t\t<div class=\"elementor-image-box-wrapper\"><figure class=\"elementor-image-box-img\"><img loading=\"lazy\" decoding=\"async\" width=\"92\" height=\"68\" src=\"https:\/\/fricomp.li\/wp-content\/uploads\/2021\/11\/logo.svg\" class=\"elementor-animation-bob attachment-medium size-medium wp-image-70\" alt=\"SILEO Logo tranparent\" \/><\/figure><div class=\"elementor-image-box-content\"><h2 class=\"elementor-image-box-title\">SILEO Information Management AG<\/h2><p class=\"elementor-image-box-description\">Hosting and technology partner for backup, server, client, security and network solutions. \n\n<br><br><b><a href=\"https:\/\/sileo.swiss\">sileo.swiss<\/a><\/b><\/p><\/div><\/div>\t\t\t\t<\/div>\n\t\t\t\t<\/div>\n\t\t\t\t<div class=\"elementor-element elementor-element-d2abf93 elementor-widget elementor-widget-spacer\" data-id=\"d2abf93\" data-element_type=\"widget\" data-e-type=\"widget\" data-widget_type=\"spacer.default\">\n\t\t\t\t<div class=\"elementor-widget-container\">\n\t\t\t\t\t\t\t<div class=\"elementor-spacer\">\n\t\t\t<div class=\"elementor-spacer-inner\"><\/div>\n\t\t<\/div>\n\t\t\t\t\t\t<\/div>\n\t\t\t\t<\/div>\n\t\t\t\t<div class=\"elementor-element elementor-element-d525edb elementor-position-right elementor-vertical-align-middle elementor-widget elementor-widget-image-box\" data-id=\"d525edb\" data-element_type=\"widget\" data-e-type=\"widget\" data-widget_type=\"image-box.default\">\n\t\t\t\t<div class=\"elementor-widget-container\">\n\t\t\t\t\t<div class=\"elementor-image-box-wrapper\"><figure class=\"elementor-image-box-img\"><img loading=\"lazy\" decoding=\"async\" width=\"300\" height=\"61\" src=\"https:\/\/fricomp.li\/wp-content\/uploads\/2022\/06\/DR-Gaming-Technology-300x61.png\" class=\"elementor-animation-bob attachment-medium size-medium wp-image-1624\" alt=\"\" srcset=\"https:\/\/fricomp.li\/wp-content\/uploads\/2022\/06\/DR-Gaming-Technology-300x61.png 300w, https:\/\/fricomp.li\/wp-content\/uploads\/2022\/06\/DR-Gaming-Technology-768x156.png 768w, https:\/\/fricomp.li\/wp-content\/uploads\/2022\/06\/DR-Gaming-Technology-18x4.png 18w, https:\/\/fricomp.li\/wp-content\/uploads\/2022\/06\/DR-Gaming-Technology.png 958w\" sizes=\"(max-width: 300px) 100vw, 300px\" \/><\/figure><div class=\"elementor-image-box-content\"><h2 class=\"elementor-image-box-title\">DR Gaming Technology\u2122 (DRGT\u2122)<\/h2><p class=\"elementor-image-box-description\">For integrated, scalable casino management and jackpot system solutions\n<br><br><b><a href=\"https:\/\/drgt.com\/\">drgt.com<\/a><\/b><\/p><\/div><\/div>\t\t\t\t<\/div>\n\t\t\t\t<\/div>\n\t\t\t\t\t<\/div>\n\t\t<\/div>\n\t\t\t\t\t<\/div>\n\t\t<\/section>\n\t\t\t\t<\/div>","protected":false},"excerpt":{"rendered":"<p class=\"excerpt\">By working closely with our selected partners, we can expand our services and develop new solutions to meet the needs of our customers.<\/p>","protected":false},"author":1,"featured_media":1625,"parent":0,"menu_order":0,"comment_status":"closed","ping_status":"closed","template":"template-blank.php","meta":{"footnotes":""},"class_list":["post-1619","page","type-page","status-publish","has-post-thumbnail","hentry"],"yoast_head":"<!-- This site is optimized with the Yoast SEO plugin v26.9 - https:\/\/yoast.com\/product\/yoast-seo-wordpress\/ -->\n<title>Partner | FRICOMP Engineering Anstalt<\/title>\n<meta name=\"robots\" content=\"index, follow, max-snippet:-1, max-image-preview:large, max-video-preview:-1\" \/>\n<link rel=\"canonical\" href=\"https:\/\/fricomp.li\/en\/custom-solutions-3\/\" \/>\n<meta property=\"og:locale\" content=\"en_US\" \/>\n<meta property=\"og:type\" content=\"article\" \/>\n<meta property=\"og:title\" content=\"Partner | FRICOMP Engineering Anstalt\" \/>\n<meta property=\"og:description\" content=\"Durch die enge Zusammenarbeit mit unseren auserw\u00e4hlten Partnern k\u00f6nnen wir unsere Services ausbauen und neue L\u00f6sungen nach den Bed\u00fcrfnissen unserer Kundschaft entwickeln.\" \/>\n<meta property=\"og:url\" content=\"https:\/\/fricomp.li\/en\/custom-solutions-3\/\" \/>\n<meta property=\"og:site_name\" content=\"FRICOMP Engineering Anstalt\" \/>\n<meta property=\"article:modified_time\" content=\"2022-09-27T07:04:50+00:00\" \/>\n<meta property=\"og:image\" content=\"https:\/\/fricomp.li\/wp-content\/uploads\/2022\/06\/Fricomp-Partner.png\" \/>\n\t<meta property=\"og:image:width\" content=\"1329\" \/>\n\t<meta property=\"og:image:height\" content=\"886\" \/>\n\t<meta property=\"og:image:type\" content=\"image\/png\" \/>\n<meta name=\"twitter:card\" content=\"summary_large_image\" \/>\n<meta name=\"twitter:label1\" content=\"Est. reading time\" \/>\n\t<meta name=\"twitter:data1\" content=\"2 minutes\" \/>\n<script type=\"application\/ld+json\" class=\"yoast-schema-graph\">{\"@context\":\"https:\/\/schema.org\",\"@graph\":[{\"@type\":\"WebPage\",\"@id\":\"https:\/\/fricomp.li\/partner\/\",\"url\":\"https:\/\/fricomp.li\/partner\/\",\"name\":\"Partner | FRICOMP Engineering Anstalt\",\"isPartOf\":{\"@id\":\"https:\/\/fricomp.li\/#website\"},\"primaryImageOfPage\":{\"@id\":\"https:\/\/fricomp.li\/partner\/#primaryimage\"},\"image\":{\"@id\":\"https:\/\/fricomp.li\/partner\/#primaryimage\"},\"thumbnailUrl\":\"https:\/\/fricomp.li\/wp-content\/uploads\/2022\/06\/Fricomp-Partner.png\",\"datePublished\":\"2022-05-31T07:39:38+00:00\",\"dateModified\":\"2022-09-27T07:04:50+00:00\",\"breadcrumb\":{\"@id\":\"https:\/\/fricomp.li\/partner\/#breadcrumb\"},\"inLanguage\":\"en-US\",\"potentialAction\":[{\"@type\":\"ReadAction\",\"target\":[\"https:\/\/fricomp.li\/partner\/\"]}]},{\"@type\":\"ImageObject\",\"inLanguage\":\"en-US\",\"@id\":\"https:\/\/fricomp.li\/partner\/#primaryimage\",\"url\":\"https:\/\/fricomp.li\/wp-content\/uploads\/2022\/06\/Fricomp-Partner.png\",\"contentUrl\":\"https:\/\/fricomp.li\/wp-content\/uploads\/2022\/06\/Fricomp-Partner.png\",\"width\":1329,\"height\":886,\"caption\":\"Puzzleteile in Menschenform\"},{\"@type\":\"BreadcrumbList\",\"@id\":\"https:\/\/fricomp.li\/partner\/#breadcrumb\",\"itemListElement\":[{\"@type\":\"ListItem\",\"position\":1,\"name\":\"Startseite\",\"item\":\"https:\/\/fricomp.li\/\"},{\"@type\":\"ListItem\",\"position\":2,\"name\":\"Partner\"}]},{\"@type\":\"WebSite\",\"@id\":\"https:\/\/fricomp.li\/#website\",\"url\":\"https:\/\/fricomp.li\/\",\"name\":\"FRICOMP Engineering Anstalt\",\"description\":\"Kundenspezifische IT L\u00f6sungen - professionell und sympatisch\",\"publisher\":{\"@id\":\"https:\/\/fricomp.li\/#organization\"},\"potentialAction\":[{\"@type\":\"SearchAction\",\"target\":{\"@type\":\"EntryPoint\",\"urlTemplate\":\"https:\/\/fricomp.li\/?s={search_term_string}\"},\"query-input\":{\"@type\":\"PropertyValueSpecification\",\"valueRequired\":true,\"valueName\":\"search_term_string\"}}],\"inLanguage\":\"en-US\"},{\"@type\":\"Organization\",\"@id\":\"https:\/\/fricomp.li\/#organization\",\"name\":\"Fricomp Engineering Anstalt\",\"url\":\"https:\/\/fricomp.li\/\",\"logo\":{\"@type\":\"ImageObject\",\"inLanguage\":\"en-US\",\"@id\":\"https:\/\/fricomp.li\/#\/schema\/logo\/image\/\",\"url\":\"http:\/\/fricomp.li\/wp-content\/uploads\/2021\/11\/RZ01_FRICOMP_Logo-RGB.png\",\"contentUrl\":\"http:\/\/fricomp.li\/wp-content\/uploads\/2021\/11\/RZ01_FRICOMP_Logo-RGB.png\",\"width\":1418,\"height\":390,\"caption\":\"Fricomp Engineering Anstalt\"},\"image\":{\"@id\":\"https:\/\/fricomp.li\/#\/schema\/logo\/image\/\"}}]}<\/script>\n<!-- \/ Yoast SEO plugin. -->","yoast_head_json":{"title":"Partner | FRICOMP Engineering Anstalt","robots":{"index":"index","follow":"follow","max-snippet":"max-snippet:-1","max-image-preview":"max-image-preview:large","max-video-preview":"max-video-preview:-1"},"canonical":"https:\/\/fricomp.li\/en\/custom-solutions-3\/","og_locale":"en_US","og_type":"article","og_title":"Partner | FRICOMP Engineering Anstalt","og_description":"Durch die enge Zusammenarbeit mit unseren auserw\u00e4hlten Partnern k\u00f6nnen wir unsere Services ausbauen und neue L\u00f6sungen nach den Bed\u00fcrfnissen unserer Kundschaft entwickeln.","og_url":"https:\/\/fricomp.li\/en\/custom-solutions-3\/","og_site_name":"FRICOMP Engineering Anstalt","article_modified_time":"2022-09-27T07:04:50+00:00","og_image":[{"width":1329,"height":886,"url":"https:\/\/fricomp.li\/wp-content\/uploads\/2022\/06\/Fricomp-Partner.png","type":"image\/png"}],"twitter_card":"summary_large_image","twitter_misc":{"Est. reading time":"2 minutes"},"schema":{"@context":"https:\/\/schema.org","@graph":[{"@type":"WebPage","@id":"https:\/\/fricomp.li\/partner\/","url":"https:\/\/fricomp.li\/partner\/","name":"Partner | FRICOMP Engineering Anstalt","isPartOf":{"@id":"https:\/\/fricomp.li\/#website"},"primaryImageOfPage":{"@id":"https:\/\/fricomp.li\/partner\/#primaryimage"},"image":{"@id":"https:\/\/fricomp.li\/partner\/#primaryimage"},"thumbnailUrl":"https:\/\/fricomp.li\/wp-content\/uploads\/2022\/06\/Fricomp-Partner.png","datePublished":"2022-05-31T07:39:38+00:00","dateModified":"2022-09-27T07:04:50+00:00","breadcrumb":{"@id":"https:\/\/fricomp.li\/partner\/#breadcrumb"},"inLanguage":"en-US","potentialAction":[{"@type":"ReadAction","target":["https:\/\/fricomp.li\/partner\/"]}]},{"@type":"ImageObject","inLanguage":"en-US","@id":"https:\/\/fricomp.li\/partner\/#primaryimage","url":"https:\/\/fricomp.li\/wp-content\/uploads\/2022\/06\/Fricomp-Partner.png","contentUrl":"https:\/\/fricomp.li\/wp-content\/uploads\/2022\/06\/Fricomp-Partner.png","width":1329,"height":886,"caption":"Puzzleteile in Menschenform"},{"@type":"BreadcrumbList","@id":"https:\/\/fricomp.li\/partner\/#breadcrumb","itemListElement":[{"@type":"ListItem","position":1,"name":"Startseite","item":"https:\/\/fricomp.li\/"},{"@type":"ListItem","position":2,"name":"Partner"}]},{"@type":"WebSite","@id":"https:\/\/fricomp.li\/#website","url":"https:\/\/fricomp.li\/","name":"FRICOMP Engineering Anstalt","description":"Customized IT solutions - professional and sympathetic","publisher":{"@id":"https:\/\/fricomp.li\/#organization"},"potentialAction":[{"@type":"SearchAction","target":{"@type":"EntryPoint","urlTemplate":"https:\/\/fricomp.li\/?s={search_term_string}"},"query-input":{"@type":"PropertyValueSpecification","valueRequired":true,"valueName":"search_term_string"}}],"inLanguage":"en-US"},{"@type":"Organization","@id":"https:\/\/fricomp.li\/#organization","name":"Fricomp Engineering Anstalt","url":"https:\/\/fricomp.li\/","logo":{"@type":"ImageObject","inLanguage":"en-US","@id":"https:\/\/fricomp.li\/#\/schema\/logo\/image\/","url":"http:\/\/fricomp.li\/wp-content\/uploads\/2021\/11\/RZ01_FRICOMP_Logo-RGB.png","contentUrl":"http:\/\/fricomp.li\/wp-content\/uploads\/2021\/11\/RZ01_FRICOMP_Logo-RGB.png","width":1418,"height":390,"caption":"Fricomp Engineering Anstalt"},"image":{"@id":"https:\/\/fricomp.li\/#\/schema\/logo\/image\/"}}]}},"_links":{"self":[{"href":"https:\/\/fricomp.li\/en\/wp-json\/wp\/v2\/pages\/1619","targetHints":{"allow":["GET"]}}],"collection":[{"href":"https:\/\/fricomp.li\/en\/wp-json\/wp\/v2\/pages"}],"about":[{"href":"https:\/\/fricomp.li\/en\/wp-json\/wp\/v2\/types\/page"}],"author":[{"embeddable":true,"href":"https:\/\/fricomp.li\/en\/wp-json\/wp\/v2\/users\/1"}],"replies":[{"embeddable":true,"href":"https:\/\/fricomp.li\/en\/wp-json\/wp\/v2\/comments?post=1619"}],"version-history":[{"count":52,"href":"https:\/\/fricomp.li\/en\/wp-json\/wp\/v2\/pages\/1619\/revisions"}],"predecessor-version":[{"id":2022,"href":"https:\/\/fricomp.li\/en\/wp-json\/wp\/v2\/pages\/1619\/revisions\/2022"}],"wp:featuredmedia":[{"embeddable":true,"href":"https:\/\/fricomp.li\/en\/wp-json\/wp\/v2\/media\/1625"}],"wp:attachment":[{"href":"https:\/\/fricomp.li\/en\/wp-json\/wp\/v2\/media?parent=1619"}],"curies":[{"name":"wp","href":"https:\/\/api.w.org\/{rel}","templated":true}]}}