{"id":793,"date":"2022-01-27T09:00:16","date_gmt":"2022-01-27T09:00:16","guid":{"rendered":"https:\/\/fricomp.li\/?page_id=793"},"modified":"2022-12-15T07:49:30","modified_gmt":"2022-12-15T07:49:30","slug":"mentions-legales","status":"publish","type":"page","link":"https:\/\/fricomp.li\/fr\/home\/mentions-legales\/","title":{"rendered":"Mentions l\u00e9gales"},"content":{"rendered":"<div data-elementor-type=\"wp-page\" data-elementor-id=\"793\" class=\"elementor elementor-793\" data-elementor-post-type=\"page\">\n\t\t\t\t\t\t<section class=\"elementor-section elementor-top-section elementor-element elementor-element-da3a0e8 elementor-section-boxed elementor-section-height-default elementor-section-height-default\" data-id=\"da3a0e8\" data-element_type=\"section\" data-e-type=\"section\">\n\t\t\t\t\t\t<div class=\"elementor-container elementor-column-gap-default\">\n\t\t\t\t\t<div class=\"elementor-column elementor-col-100 elementor-top-column elementor-element elementor-element-2095b95\" data-id=\"2095b95\" data-element_type=\"column\" data-e-type=\"column\">\n\t\t\t<div class=\"elementor-widget-wrap elementor-element-populated\">\n\t\t\t\t\t\t<div class=\"elementor-element elementor-element-3776e39 elementor-widget elementor-widget-heading\" data-id=\"3776e39\" data-element_type=\"widget\" data-e-type=\"widget\" data-widget_type=\"heading.default\">\n\t\t\t\t<div class=\"elementor-widget-container\">\n\t\t\t\t\t<h2 class=\"elementor-heading-title elementor-size-default\">Mentions l\u00e9gales<\/h2>\t\t\t\t<\/div>\n\t\t\t\t<\/div>\n\t\t\t\t<div class=\"elementor-element elementor-element-6a43d72 elementor-widget elementor-widget-heading\" data-id=\"6a43d72\" data-element_type=\"widget\" data-e-type=\"widget\" data-widget_type=\"heading.default\">\n\t\t\t\t<div class=\"elementor-widget-container\">\n\t\t\t\t\t<h2 class=\"elementor-heading-title elementor-size-default\">Fricomp Engineering Anstalt<\/h2>\t\t\t\t<\/div>\n\t\t\t\t<\/div>\n\t\t\t\t\t<\/div>\n\t\t<\/div>\n\t\t\t\t\t<\/div>\n\t\t<\/section>\n\t\t\t\t<section class=\"elementor-section elementor-top-section elementor-element elementor-element-8f455c1 elementor-section-boxed elementor-section-height-default elementor-section-height-default\" data-id=\"8f455c1\" data-element_type=\"section\" data-e-type=\"section\">\n\t\t\t\t\t\t<div class=\"elementor-container elementor-column-gap-default\">\n\t\t\t\t\t<div class=\"elementor-column elementor-col-100 elementor-top-column elementor-element elementor-element-73cbf29\" data-id=\"73cbf29\" data-element_type=\"column\" data-e-type=\"column\">\n\t\t\t<div class=\"elementor-widget-wrap elementor-element-populated\">\n\t\t\t\t\t\t<div class=\"elementor-element elementor-element-3df2f1e elementor-widget elementor-widget-spacer\" data-id=\"3df2f1e\" data-element_type=\"widget\" data-e-type=\"widget\" data-widget_type=\"spacer.default\">\n\t\t\t\t<div class=\"elementor-widget-container\">\n\t\t\t\t\t\t\t<div class=\"elementor-spacer\">\n\t\t\t<div class=\"elementor-spacer-inner\"><\/div>\n\t\t<\/div>\n\t\t\t\t\t\t<\/div>\n\t\t\t\t<\/div>\n\t\t\t\t\t<\/div>\n\t\t<\/div>\n\t\t\t\t\t<\/div>\n\t\t<\/section>\n\t\t\t\t<section class=\"elementor-section elementor-top-section elementor-element elementor-element-426ef2b elementor-section-boxed elementor-section-height-default elementor-section-height-default\" data-id=\"426ef2b\" data-element_type=\"section\" data-e-type=\"section\">\n\t\t\t\t\t\t<div class=\"elementor-container elementor-column-gap-default\">\n\t\t\t\t\t<div class=\"elementor-column elementor-col-50 elementor-top-column elementor-element elementor-element-56d254f\" data-id=\"56d254f\" data-element_type=\"column\" data-e-type=\"column\">\n\t\t\t<div class=\"elementor-widget-wrap elementor-element-populated\">\n\t\t\t\t\t\t<div class=\"elementor-element elementor-element-675c7d1 elementor-widget elementor-widget-text-editor\" data-id=\"675c7d1\" data-element_type=\"widget\" data-e-type=\"widget\" data-widget_type=\"text-editor.default\">\n\t\t\t\t<div class=\"elementor-widget-container\">\n\t\t\t\t\t\t\t\t\t<p><b>Fricomp Engineering Anstalt<br><\/b><\/p><p>Megeriweg 2<\/p><p>9495 Triesen<\/p><p>Pierre de couche<\/p>\t\t\t\t\t\t\t\t<\/div>\n\t\t\t\t<\/div>\n\t\t\t\t<div class=\"elementor-element elementor-element-271f527 elementor-position-inline-start elementor-view-default elementor-mobile-position-block-start elementor-widget elementor-widget-icon-box\" data-id=\"271f527\" data-element_type=\"widget\" data-e-type=\"widget\" data-widget_type=\"icon-box.default\">\n\t\t\t\t<div class=\"elementor-widget-container\">\n\t\t\t\t\t\t\t<div class=\"elementor-icon-box-wrapper\">\n\n\t\t\t\t\t\t<div class=\"elementor-icon-box-icon\">\n\t\t\t\t<span  class=\"elementor-icon\">\n\t\t\t\t<i aria-hidden=\"true\" class=\"fas fa-mail-bulk\"><\/i>\t\t\t\t<\/span>\n\t\t\t<\/div>\n\t\t\t\n\t\t\t\t\t\t<div class=\"elementor-icon-box-content\">\n\n\t\t\t\t\t\t\t\t\t<div class=\"elementor-icon-box-title\">\n\t\t\t\t\t\t<span  >\n\t\t\t\t\t\t\tCourrier \u00e9lectronique\t\t\t\t\t\t<\/span>\n\t\t\t\t\t<\/div>\n\t\t\t\t\n\t\t\t\t\t\t\t\t\t<p class=\"elementor-icon-box-description\">\n\t\t\t\t\t\t<a href=\"mailto:&amp;#115&amp;#117&amp;#112&amp;#112&amp;#111&amp;#114&amp;#116&amp;#64&amp;#102&amp;#114&amp;#105&amp;#99&amp;#111&amp;#109&amp;#112&amp;#46&amp;#108&amp;#105\" title=\"&amp;#115&amp;#117&amp;#112&amp;#112&amp;#111&amp;#114&amp;#116&amp;#64&amp;#102&amp;#114&amp;#105&amp;#99&amp;#111&amp;#109&amp;#112&amp;#46&amp;#108&amp;#105\">&amp;#115&amp;#117&amp;#112&amp;#112&amp;#111&amp;#114&amp;#116&amp;#64&amp;#102&amp;#114&amp;#105&amp;#99&amp;#111&amp;#109&amp;#112&amp;#46&amp;#108&amp;#105<\/a>\t\t\t\t\t<\/p>\n\t\t\t\t\n\t\t\t<\/div>\n\t\t\t\n\t\t<\/div>\n\t\t\t\t\t\t<\/div>\n\t\t\t\t<\/div>\n\t\t\t\t\t<\/div>\n\t\t<\/div>\n\t\t\t\t<div class=\"elementor-column elementor-col-50 elementor-top-column elementor-element elementor-element-3fee185\" data-id=\"3fee185\" data-element_type=\"column\" data-e-type=\"column\">\n\t\t\t<div class=\"elementor-widget-wrap elementor-element-populated\">\n\t\t\t\t\t\t<div class=\"elementor-element elementor-element-1ed6a63 elementor-widget elementor-widget-text-editor\" data-id=\"1ed6a63\" data-element_type=\"widget\" data-e-type=\"widget\" data-widget_type=\"text-editor.default\">\n\t\t\t\t<div class=\"elementor-widget-container\">\n\t\t\t\t\t\t\t\t\t<h4><strong>Droits d'auteur et mention de responsabilit\u00e9<\/strong><\/h4><p>Copyright \u00a9 Fricomp Engineering Anstalt. Les droits d'auteur et tous les autres droits relatifs aux contenus, images, photos ou autres fichiers pr\u00e9sents sur le site web appartiennent exclusivement \u00e0 <strong>Fricomp Engineering Anstalt<\/strong> ou aux titulaires de droits sp\u00e9cifiquement cit\u00e9s. Pour la reproduction de tout \u00e9l\u00e9ment, l'accord \u00e9crit des d\u00e9tenteurs des droits d'auteur doit \u00eatre obtenu au pr\u00e9alable.\u00a0<\/p><p>Malgr\u00e9 un contr\u00f4le minutieux du contenu, nous n'assumons aucune responsabilit\u00e9 pour le contenu des liens externes. Nous d\u00e9clinons toute responsabilit\u00e9 pour les sites web de tiers. L'acc\u00e8s \u00e0 de tels sites et leur utilisation se font aux risques et p\u00e9rils de l'utilisateur ou de l'utilisatrice.<\/p>\t\t\t\t\t\t\t\t<\/div>\n\t\t\t\t<\/div>\n\t\t\t\t\t<\/div>\n\t\t<\/div>\n\t\t\t\t\t<\/div>\n\t\t<\/section>\n\t\t\t\t<\/div>","protected":false},"excerpt":{"rendered":"<p class=\"excerpt\">Mentions l\u00e9gales Fricomp Engineering Anstalt Fricomp Engineering Anstalt Megeriweg 2 9495 Triesen Liechtestein E-Mail &amp;#115&amp;#117&amp;#112&amp;#112&amp;#111&amp;#114&amp;#116&amp;#64&amp;#102&amp;#114&amp;#105&amp;#99&amp;#111&amp;#109&amp;#112&amp;#46&amp;#108&amp;#105 Droits d'auteur et mention de responsabilit\u00e9 Copyright \u00a9 Fricomp Engineering Anstalt. Les droits d'auteur et tous les autres droits relatifs aux contenus, images, photos ou autres fichiers pr\u00e9sents sur le site web appartiennent exclusivement \u00e0 Fricomp Engineering Anstalt ou aux titulaires de droits sp\u00e9cialement cit\u00e9s. La reproduction de tout \u00e9l\u00e9ment est [...].<\/p>","protected":false},"author":1,"featured_media":0,"parent":60,"menu_order":0,"comment_status":"closed","ping_status":"closed","template":"template-blank.php","meta":{"footnotes":""},"class_list":["post-793","page","type-page","status-publish","hentry"],"yoast_head":"<!-- This site is optimized with the Yoast SEO plugin v26.9 - https:\/\/yoast.com\/product\/yoast-seo-wordpress\/ -->\n<title>Impressum | FRICOMP Engineering Anstalt<\/title>\n<meta name=\"robots\" content=\"index, follow, max-snippet:-1, max-image-preview:large, max-video-preview:-1\" \/>\n<link rel=\"canonical\" href=\"https:\/\/fricomp.li\/fr\/home\/mentions-legales\/\" \/>\n<meta property=\"og:locale\" content=\"fr_FR\" \/>\n<meta property=\"og:type\" content=\"article\" \/>\n<meta property=\"og:title\" content=\"Impressum | FRICOMP Engineering Anstalt\" \/>\n<meta property=\"og:description\" content=\"Impressum Fricomp Engineering Anstalt Fricomp Engineering Anstalt Megeriweg 2 9495 Triesen Liechtestein E-Mail &#038;#115&#038;#117&#038;#112&#038;#112&#038;#111&#038;#114&#038;#116&#038;#64&#038;#102&#038;#114&#038;#105&#038;#99&#038;#111&#038;#109&#038;#112&#038;#46&#038;#108&#038;#105 Urheberrecht und Haftungshinweis Copyright \u00a9 Fricomp Engineering Anstalt. Die Urheber- und alle anderen Rechte an Inhalten, Bildern, Fotos oder anderen Dateien auf der Website geh\u00f6ren ausschliesslich der Fricomp Engineering Anstalt oder den speziell genannten Rechtsinhabern. F\u00fcr die Reproduktion jeglicher Elemente ist [&hellip;]\" \/>\n<meta property=\"og:url\" content=\"https:\/\/fricomp.li\/fr\/home\/mentions-legales\/\" \/>\n<meta property=\"og:site_name\" content=\"FRICOMP Engineering Anstalt\" \/>\n<meta property=\"article:modified_time\" content=\"2022-12-15T07:49:30+00:00\" \/>\n<meta name=\"twitter:card\" content=\"summary_large_image\" \/>\n<meta name=\"twitter:label1\" content=\"Dur\u00e9e de lecture estim\u00e9e\" \/>\n\t<meta name=\"twitter:data1\" content=\"1 minute\" \/>\n<script type=\"application\/ld+json\" class=\"yoast-schema-graph\">{\"@context\":\"https:\/\/schema.org\",\"@graph\":[{\"@type\":\"WebPage\",\"@id\":\"https:\/\/fricomp.li\/home\/impressum\/\",\"url\":\"https:\/\/fricomp.li\/home\/impressum\/\",\"name\":\"Impressum | FRICOMP Engineering Anstalt\",\"isPartOf\":{\"@id\":\"https:\/\/fricomp.li\/#website\"},\"datePublished\":\"2022-01-27T09:00:16+00:00\",\"dateModified\":\"2022-12-15T07:49:30+00:00\",\"breadcrumb\":{\"@id\":\"https:\/\/fricomp.li\/home\/impressum\/#breadcrumb\"},\"inLanguage\":\"fr-FR\",\"potentialAction\":[{\"@type\":\"ReadAction\",\"target\":[\"https:\/\/fricomp.li\/home\/impressum\/\"]}]},{\"@type\":\"BreadcrumbList\",\"@id\":\"https:\/\/fricomp.li\/home\/impressum\/#breadcrumb\",\"itemListElement\":[{\"@type\":\"ListItem\",\"position\":1,\"name\":\"Startseite\",\"item\":\"https:\/\/fricomp.li\/\"},{\"@type\":\"ListItem\",\"position\":2,\"name\":\"Home\",\"item\":\"https:\/\/fricomp.li\/\"},{\"@type\":\"ListItem\",\"position\":3,\"name\":\"Impressum\"}]},{\"@type\":\"WebSite\",\"@id\":\"https:\/\/fricomp.li\/#website\",\"url\":\"https:\/\/fricomp.li\/\",\"name\":\"FRICOMP Engineering Anstalt\",\"description\":\"Kundenspezifische IT L\u00f6sungen - professionell und sympatisch\",\"publisher\":{\"@id\":\"https:\/\/fricomp.li\/#organization\"},\"potentialAction\":[{\"@type\":\"SearchAction\",\"target\":{\"@type\":\"EntryPoint\",\"urlTemplate\":\"https:\/\/fricomp.li\/?s={search_term_string}\"},\"query-input\":{\"@type\":\"PropertyValueSpecification\",\"valueRequired\":true,\"valueName\":\"search_term_string\"}}],\"inLanguage\":\"fr-FR\"},{\"@type\":\"Organization\",\"@id\":\"https:\/\/fricomp.li\/#organization\",\"name\":\"Fricomp Engineering Anstalt\",\"url\":\"https:\/\/fricomp.li\/\",\"logo\":{\"@type\":\"ImageObject\",\"inLanguage\":\"fr-FR\",\"@id\":\"https:\/\/fricomp.li\/#\/schema\/logo\/image\/\",\"url\":\"http:\/\/fricomp.li\/wp-content\/uploads\/2021\/11\/RZ01_FRICOMP_Logo-RGB.png\",\"contentUrl\":\"http:\/\/fricomp.li\/wp-content\/uploads\/2021\/11\/RZ01_FRICOMP_Logo-RGB.png\",\"width\":1418,\"height\":390,\"caption\":\"Fricomp Engineering Anstalt\"},\"image\":{\"@id\":\"https:\/\/fricomp.li\/#\/schema\/logo\/image\/\"}}]}<\/script>\n<!-- \/ Yoast SEO plugin. -->","yoast_head_json":{"title":"Mentions l\u00e9gales | FRICOMP Engineering Anstalt","robots":{"index":"index","follow":"follow","max-snippet":"max-snippet:-1","max-image-preview":"max-image-preview:large","max-video-preview":"max-video-preview:-1"},"canonical":"https:\/\/fricomp.li\/fr\/home\/mentions-legales\/","og_locale":"fr_FR","og_type":"article","og_title":"Impressum | FRICOMP Engineering Anstalt","og_description":"Impressum Fricomp Engineering Anstalt Fricomp Engineering Anstalt Megeriweg 2 9495 Triesen Liechtestein E-Mail &#038;#115&#038;#117&#038;#112&#038;#112&#038;#111&#038;#114&#038;#116&#038;#64&#038;#102&#038;#114&#038;#105&#038;#99&#038;#111&#038;#109&#038;#112&#038;#46&#038;#108&#038;#105 Urheberrecht und Haftungshinweis Copyright \u00a9 Fricomp Engineering Anstalt. Die Urheber- und alle anderen Rechte an Inhalten, Bildern, Fotos oder anderen Dateien auf der Website geh\u00f6ren ausschliesslich der Fricomp Engineering Anstalt oder den speziell genannten Rechtsinhabern. F\u00fcr die Reproduktion jeglicher Elemente ist [&hellip;]","og_url":"https:\/\/fricomp.li\/fr\/home\/mentions-legales\/","og_site_name":"FRICOMP Engineering Anstalt","article_modified_time":"2022-12-15T07:49:30+00:00","twitter_card":"summary_large_image","twitter_misc":{"Dur\u00e9e de lecture estim\u00e9e":"1 minute"},"schema":{"@context":"https:\/\/schema.org","@graph":[{"@type":"WebPage","@id":"https:\/\/fricomp.li\/home\/impressum\/","url":"https:\/\/fricomp.li\/home\/impressum\/","name":"Mentions l\u00e9gales | FRICOMP Engineering Anstalt","isPartOf":{"@id":"https:\/\/fricomp.li\/#website"},"datePublished":"2022-01-27T09:00:16+00:00","dateModified":"2022-12-15T07:49:30+00:00","breadcrumb":{"@id":"https:\/\/fricomp.li\/home\/impressum\/#breadcrumb"},"inLanguage":"fr-FR","potentialAction":[{"@type":"ReadAction","target":["https:\/\/fricomp.li\/home\/impressum\/"]}]},{"@type":"BreadcrumbList","@id":"https:\/\/fricomp.li\/home\/impressum\/#breadcrumb","itemListElement":[{"@type":"ListItem","position":1,"name":"Startseite","item":"https:\/\/fricomp.li\/"},{"@type":"ListItem","position":2,"name":"Home","item":"https:\/\/fricomp.li\/"},{"@type":"ListItem","position":3,"name":"Impressum"}]},{"@type":"WebSite","@id":"https:\/\/fricomp.li\/#website","url":"https:\/\/fricomp.li\/","name":"FRICOMP Engineering Anstalt","description":"Solutions informatiques sp\u00e9cifiques aux clients - professionnelles et sympathiques","publisher":{"@id":"https:\/\/fricomp.li\/#organization"},"potentialAction":[{"@type":"SearchAction","target":{"@type":"EntryPoint","urlTemplate":"https:\/\/fricomp.li\/?s={search_term_string}"},"query-input":{"@type":"PropertyValueSpecification","valueRequired":true,"valueName":"search_term_string"}}],"inLanguage":"fr-FR"},{"@type":"Organization","@id":"https:\/\/fricomp.li\/#organization","name":"Fricomp Engineering Anstalt","url":"https:\/\/fricomp.li\/","logo":{"@type":"ImageObject","inLanguage":"fr-FR","@id":"https:\/\/fricomp.li\/#\/schema\/logo\/image\/","url":"http:\/\/fricomp.li\/wp-content\/uploads\/2021\/11\/RZ01_FRICOMP_Logo-RGB.png","contentUrl":"http:\/\/fricomp.li\/wp-content\/uploads\/2021\/11\/RZ01_FRICOMP_Logo-RGB.png","width":1418,"height":390,"caption":"Fricomp Engineering Anstalt"},"image":{"@id":"https:\/\/fricomp.li\/#\/schema\/logo\/image\/"}}]}},"_links":{"self":[{"href":"https:\/\/fricomp.li\/fr\/wp-json\/wp\/v2\/pages\/793","targetHints":{"allow":["GET"]}}],"collection":[{"href":"https:\/\/fricomp.li\/fr\/wp-json\/wp\/v2\/pages"}],"about":[{"href":"https:\/\/fricomp.li\/fr\/wp-json\/wp\/v2\/types\/page"}],"author":[{"embeddable":true,"href":"https:\/\/fricomp.li\/fr\/wp-json\/wp\/v2\/users\/1"}],"replies":[{"embeddable":true,"href":"https:\/\/fricomp.li\/fr\/wp-json\/wp\/v2\/comments?post=793"}],"version-history":[{"count":16,"href":"https:\/\/fricomp.li\/fr\/wp-json\/wp\/v2\/pages\/793\/revisions"}],"predecessor-version":[{"id":2255,"href":"https:\/\/fricomp.li\/fr\/wp-json\/wp\/v2\/pages\/793\/revisions\/2255"}],"up":[{"embeddable":true,"href":"https:\/\/fricomp.li\/fr\/wp-json\/wp\/v2\/pages\/60"}],"wp:attachment":[{"href":"https:\/\/fricomp.li\/fr\/wp-json\/wp\/v2\/media?parent=793"}],"curies":[{"name":"wp","href":"https:\/\/api.w.org\/{rel}","templated":true}]}}